{"id":12,"date":"2015-01-04T22:01:11","date_gmt":"2015-01-04T22:01:11","guid":{"rendered":"http:\/\/ferienwohnungwadern.de\/?page_id=12"},"modified":"2022-01-02T11:05:31","modified_gmt":"2022-01-02T11:05:31","slug":"das-umland","status":"publish","type":"page","link":"https:\/\/ferienwohnungwadern.de\/?page_id=12","title":{"rendered":"Das Umland"},"content":{"rendered":"<div id='gallery-1' class='gallery galleryid-12 gallery-columns-3 gallery-size-thumbnail'><figure class='gallery-item'>\n\t\t\t<div class='gallery-icon landscape'>\n\t\t\t\t<img loading=\"lazy\" decoding=\"async\" width=\"150\" height=\"150\" src=\"https:\/\/ferienwohnungwadern.de\/wp-content\/uploads\/2015\/01\/portanigra-150x150.jpg\" class=\"attachment-thumbnail size-thumbnail\" alt=\"\" aria-describedby=\"gallery-1-180\" srcset=\"https:\/\/ferienwohnungwadern.de\/wp-content\/uploads\/2015\/01\/portanigra-150x150.jpg 150w, https:\/\/ferienwohnungwadern.de\/wp-content\/uploads\/2015\/01\/portanigra-268x268.jpg 268w\" sizes=\"auto, (max-width: 150px) 100vw, 150px\" \/>\n\t\t\t<\/div>\n\t\t\t\t<figcaption class='wp-caption-text gallery-caption' id='gallery-1-180'>\n\t\t\t\tPorta Nigra Trier\n\t\t\t\t<\/figcaption><\/figure><figure class='gallery-item'>\n\t\t\t<div class='gallery-icon portrait'>\n\t\t\t\t<img loading=\"lazy\" decoding=\"async\" width=\"150\" height=\"150\" src=\"https:\/\/ferienwohnungwadern.de\/wp-content\/uploads\/2017\/11\/H\u00e4ngeseilbr\u00fccke_Geierlay_M\u00f6rsdorf-150x150.jpg\" class=\"attachment-thumbnail size-thumbnail\" alt=\"\" aria-describedby=\"gallery-1-348\" srcset=\"https:\/\/ferienwohnungwadern.de\/wp-content\/uploads\/2017\/11\/H\u00e4ngeseilbr\u00fccke_Geierlay_M\u00f6rsdorf-150x150.jpg 150w, https:\/\/ferienwohnungwadern.de\/wp-content\/uploads\/2017\/11\/H\u00e4ngeseilbr\u00fccke_Geierlay_M\u00f6rsdorf-432x432.jpg 432w, https:\/\/ferienwohnungwadern.de\/wp-content\/uploads\/2017\/11\/H\u00e4ngeseilbr\u00fccke_Geierlay_M\u00f6rsdorf-268x268.jpg 268w\" sizes=\"auto, (max-width: 150px) 100vw, 150px\" \/>\n\t\t\t<\/div>\n\t\t\t\t<figcaption class='wp-caption-text gallery-caption' id='gallery-1-348'>\n\t\t\t\tH\u00e4ngeseilbr\u00fccke Geierlay\n\t\t\t\t<\/figcaption><\/figure><figure class='gallery-item'>\n\t\t\t<div class='gallery-icon landscape'>\n\t\t\t\t<img loading=\"lazy\" decoding=\"async\" width=\"150\" height=\"150\" src=\"https:\/\/ferienwohnungwadern.de\/wp-content\/uploads\/2019\/05\/P1010748-150x150.jpg\" class=\"attachment-thumbnail size-thumbnail\" alt=\"\" aria-describedby=\"gallery-1-414\" srcset=\"https:\/\/ferienwohnungwadern.de\/wp-content\/uploads\/2019\/05\/P1010748-150x150.jpg 150w, https:\/\/ferienwohnungwadern.de\/wp-content\/uploads\/2019\/05\/P1010748-432x432.jpg 432w, https:\/\/ferienwohnungwadern.de\/wp-content\/uploads\/2019\/05\/P1010748-268x268.jpg 268w\" sizes=\"auto, (max-width: 150px) 100vw, 150px\" \/>\n\t\t\t<\/div>\n\t\t\t\t<figcaption class='wp-caption-text gallery-caption' id='gallery-1-414'>\n\t\t\t\tSaarschleife bei Orscholz\n\t\t\t\t<\/figcaption><\/figure>\n\t\t<\/div>\n\n<p style=\"text-align: justify;\">Es gibt zahlreiche Ziele und Sehensw\u00fcrdigkeiten, die Sie bequem bei einem Tagesausflug erkunden k\u00f6nnen, wie zum Beispiel:<\/p>\n<ul style=\"text-align: justify;\">\n<li>Bostalsee, Losheimer Stausee oder Kell am See<\/li>\n<li>die R\u00f6merstadt Trier oder Saarbr\u00fccken, die Hauptstadt des Saarlandes<\/li>\n<li>Luxemburg<\/li>\n<li>Winzerorte an der Mosel wie Trittenheim oder Leiwen oder Bernkastel-Kues<\/li>\n<li>Saarschleife in Orscholz mit dem neuen Baumwipfelpfad<\/li>\n<li>Die H\u00e4ngeseilbr\u00fccke &#8222;Geierlay&#8220; in <span class=\"_Xbe\"> M\u00f6rsdorf<\/span><\/li>\n<li>Villeroy und Boch in Mettlach<\/li>\n<li>Das Weltkulturerbe V\u00f6lklinger H\u00fctte<\/li>\n<li>und viele Ziele mehr.<\/li>\n<\/ul>\n<p style=\"text-align: justify;\">Auch sportlich k\u00f6nnen Sie sich bet\u00e4tigen, zum Beispiel<\/p>\n<ul style=\"text-align: justify;\">\n<li>Wanderungen auf Pr\u00e4dikatswanderwegen wie zum Beispiel den Saar-Hunsr\u00fccksteig, Traumschleifen, die Tafeltour Wadrilltal (17km) oder den Felsenweg (13km)<\/li>\n<li>Radtouren auf ausgeschriebenen Radwegen<\/li>\n<li>Nordic Walking Routen<\/li>\n<li>um nur einige M\u00f6glichkeiten zu nennen<\/li>\n<\/ul>\n<p style=\"text-align: justify;\">Alles an dieser Stelle aufzuz\u00e4hlen w\u00fcrde den Rahmen sprengen \u2013 sprechen Sie uns an. Weitere Informationen, Prospektmaterial und Tourenvorschl\u00e4ge f\u00fcr Ihre Rad- oder Wandertour stellen wir Ihnen gerne zur Verf\u00fcgung.<\/p>\n","protected":false},"excerpt":{"rendered":"<p>Es gibt zahlreiche Ziele und Sehensw\u00fcrdigkeiten, die Sie bequem bei einem Tagesausflug erkunden k\u00f6nnen, wie zum Beispiel: Bostalsee, Losheimer Stausee oder Kell am See die R\u00f6merstadt Trier oder Saarbr\u00fccken, die Hauptstadt des Saarlandes Luxemburg Winzerorte an der Mosel wie Trittenheim oder Leiwen oder Bernkastel-Kues Saarschleife in Orscholz mit dem neuen &#8230;<\/p>\n","protected":false},"author":1,"featured_media":0,"parent":0,"menu_order":0,"comment_status":"closed","ping_status":"closed","template":"","meta":{"footnotes":""},"class_list":["post-12","page","type-page","status-publish","hentry","column","twocol"],"_links":{"self":[{"href":"https:\/\/ferienwohnungwadern.de\/index.php?rest_route=\/wp\/v2\/pages\/12","targetHints":{"allow":["GET"]}}],"collection":[{"href":"https:\/\/ferienwohnungwadern.de\/index.php?rest_route=\/wp\/v2\/pages"}],"about":[{"href":"https:\/\/ferienwohnungwadern.de\/index.php?rest_route=\/wp\/v2\/types\/page"}],"author":[{"embeddable":true,"href":"https:\/\/ferienwohnungwadern.de\/index.php?rest_route=\/wp\/v2\/users\/1"}],"replies":[{"embeddable":true,"href":"https:\/\/ferienwohnungwadern.de\/index.php?rest_route=%2Fwp%2Fv2%2Fcomments&post=12"}],"version-history":[{"count":10,"href":"https:\/\/ferienwohnungwadern.de\/index.php?rest_route=\/wp\/v2\/pages\/12\/revisions"}],"predecessor-version":[{"id":453,"href":"https:\/\/ferienwohnungwadern.de\/index.php?rest_route=\/wp\/v2\/pages\/12\/revisions\/453"}],"wp:attachment":[{"href":"https:\/\/ferienwohnungwadern.de\/index.php?rest_route=%2Fwp%2Fv2%2Fmedia&parent=12"}],"curies":[{"name":"wp","href":"https:\/\/api.w.org\/{rel}","templated":true}]}}