{"id":172,"date":"2015-01-05T21:11:52","date_gmt":"2015-01-05T21:11:52","guid":{"rendered":"http:\/\/ferienwohnungwadern.de\/?page_id=172"},"modified":"2022-01-02T10:58:53","modified_gmt":"2022-01-02T10:58:53","slug":"stadt-wadern","status":"publish","type":"page","link":"https:\/\/ferienwohnungwadern.de\/?page_id=172","title":{"rendered":"Stadt Wadern"},"content":{"rendered":"<div id='gallery-1' class='gallery galleryid-172 gallery-columns-3 gallery-size-large'><figure class='gallery-item'>\n\t\t\t<div class='gallery-icon landscape'>\n\t\t\t\t<img loading=\"lazy\" decoding=\"async\" width=\"197\" height=\"147\" src=\"https:\/\/ferienwohnungwadern.de\/wp-content\/uploads\/2015\/01\/freibad1-e1420479283683.jpg\" class=\"attachment-large size-large\" alt=\"\" aria-describedby=\"gallery-1-128\" \/>\n\t\t\t<\/div>\n\t\t\t\t<figcaption class='wp-caption-text gallery-caption' id='gallery-1-128'>\n\t\t\t\tWaderner Freibad\n\t\t\t\t<\/figcaption><\/figure><figure class='gallery-item'>\n\t\t\t<div class='gallery-icon landscape'>\n\t\t\t\t<img loading=\"lazy\" decoding=\"async\" width=\"221\" height=\"147\" src=\"https:\/\/ferienwohnungwadern.de\/wp-content\/uploads\/2015\/01\/mplatz11-e1420479355102.jpg\" class=\"attachment-large size-large\" alt=\"\" aria-describedby=\"gallery-1-131\" \/>\n\t\t\t<\/div>\n\t\t\t\t<figcaption class='wp-caption-text gallery-caption' id='gallery-1-131'>\n\t\t\t\tMarktplatz von Wadern\n\t\t\t\t<\/figcaption><\/figure><figure class='gallery-item'>\n\t\t\t<div class='gallery-icon landscape'>\n\t\t\t\t<img loading=\"lazy\" decoding=\"async\" width=\"196\" height=\"147\" src=\"https:\/\/ferienwohnungwadern.de\/wp-content\/uploads\/2015\/01\/Spielplatz_-e1420479347376.jpg\" class=\"attachment-large size-large\" alt=\"\" aria-describedby=\"gallery-1-132\" \/>\n\t\t\t<\/div>\n\t\t\t\t<figcaption class='wp-caption-text gallery-caption' id='gallery-1-132'>\n\t\t\t\tSpielplatz im Park\n\t\t\t\t<\/figcaption><\/figure>\n\t\t<\/div>\n\n<p>Informationen \u00fcber die Stadt finden Sie direkt unter <a href=\"http:\/\/www.wadern.de\/\">www.Wadern.de<\/a><\/p>\n<p>und zum Tourismus und Freizeit unter: <a href=\"http:\/\/www.stadt-wadern.de\/tourismus.html\">www.Stadt-Wadern.de\/tourismus.html<\/a><\/p>\n<p>\u00dcber unseren Landkreis: <a href=\"http:\/\/www.merzig-wadern-online.de\/\">www.Merzig-Wadern-online.de<\/a><\/p>\n<p>oder Informationen \u00fcber den Tourismus: <a href=\"https:\/\/www.saarschleifenland.de\/\">www.saarschleifenland.de<\/a><\/p>\n<p>\u00dcbersichtskarte \u00fcber ausgezeichnete Wanderwege: <a href=\"http:\/\/www.wanderbares-deutschland.de\/\">www.Wanderbares-Deutschland.de<\/a><\/p>\n<p>Der Saar-Hunsr\u00fcck Steig: <a href=\"http:\/\/www.saar-hunsrueck-steig.de\/\">www.saar-hunsrueck-steig.de<\/a><\/p>\n<p>und den Traumschleifen: <a href=\"https:\/\/www.saar-hunsrueck-steig.de\/traumschleifen\/infos\">Traumschleifen-Infos (saar-hunsrueck-steig.de)<\/a><\/p>\n\n\n<p><\/p>\n","protected":false},"excerpt":{"rendered":"<p>Informationen \u00fcber die Stadt finden Sie direkt unter www.Wadern.de und zum Tourismus und Freizeit unter: www.Stadt-Wadern.de\/tourismus.html \u00dcber unseren Landkreis: www.Merzig-Wadern-online.de oder Informationen \u00fcber den Tourismus: www.saarschleifenland.de \u00dcbersichtskarte \u00fcber ausgezeichnete Wanderwege: www.Wanderbares-Deutschland.de Der Saar-Hunsr\u00fcck Steig: www.saar-hunsrueck-steig.de und den Traumschleifen: Traumschleifen-Infos (saar-hunsrueck-steig.de)<\/p>\n","protected":false},"author":1,"featured_media":0,"parent":0,"menu_order":0,"comment_status":"closed","ping_status":"closed","template":"","meta":{"footnotes":""},"class_list":["post-172","page","type-page","status-publish","hentry","column","twocol"],"_links":{"self":[{"href":"https:\/\/ferienwohnungwadern.de\/index.php?rest_route=\/wp\/v2\/pages\/172","targetHints":{"allow":["GET"]}}],"collection":[{"href":"https:\/\/ferienwohnungwadern.de\/index.php?rest_route=\/wp\/v2\/pages"}],"about":[{"href":"https:\/\/ferienwohnungwadern.de\/index.php?rest_route=\/wp\/v2\/types\/page"}],"author":[{"embeddable":true,"href":"https:\/\/ferienwohnungwadern.de\/index.php?rest_route=\/wp\/v2\/users\/1"}],"replies":[{"embeddable":true,"href":"https:\/\/ferienwohnungwadern.de\/index.php?rest_route=%2Fwp%2Fv2%2Fcomments&post=172"}],"version-history":[{"count":10,"href":"https:\/\/ferienwohnungwadern.de\/index.php?rest_route=\/wp\/v2\/pages\/172\/revisions"}],"predecessor-version":[{"id":448,"href":"https:\/\/ferienwohnungwadern.de\/index.php?rest_route=\/wp\/v2\/pages\/172\/revisions\/448"}],"wp:attachment":[{"href":"https:\/\/ferienwohnungwadern.de\/index.php?rest_route=%2Fwp%2Fv2%2Fmedia&parent=172"}],"curies":[{"name":"wp","href":"https:\/\/api.w.org\/{rel}","templated":true}]}}