{"id":2,"date":"2014-11-21T04:51:49","date_gmt":"2014-11-21T04:51:49","guid":{"rendered":"http:\/\/localhost\/wordpress-4.0.1\/wordpress\/?page_id=2"},"modified":"2022-01-23T18:51:17","modified_gmt":"2022-01-23T18:51:17","slug":"sample-page","status":"publish","type":"page","link":"https:\/\/ferienwohnungwadern.de\/?page_id=2","title":{"rendered":"Die Ferienwohnung"},"content":{"rendered":"\n<p>In unserer Ferienwohnung werden Sie sich wohlf\u00fchlen! Diese befindet sich im <strong>Zentrum von Wadern<\/strong>, aber dennoch in <strong>sehr ruhiger Wohnlage<\/strong>. Innerhalb weniger Gehminuten finden sich sehr gute Einkaufsm\u00f6glichkeiten und ebenso das st\u00e4dtische Hallen- und Freibad. <\/p>\n\n\n\n<p>Unsere Wohnung bietet Ihnen:<\/p>\n\n\n\n<ul class=\"wp-block-list\"><li>ein Schlafzimmer mit 2 Betten (incl. Bettw\u00e4sche)<\/li><li>eine komplett eingerichtete K\u00fcche mit Essgelegenheit<\/li><li>ein Wohnzimmer mit Essecke TV und Radio<\/li><li>ein Badezimmer (incl. Badet\u00fccher) mit Badewanne, Dusche und WC<\/li><li>eine gro\u00dfe Terrasse und Balkon<\/li><li>Parkpl\u00e4tze direkt vor der Ferienwohnung<\/li><li>Waschmaschine und Trockner zur Benutzung nach Absprache<\/li><\/ul>\n\n\n\n<h4 class=\"wp-block-heading\"> <strong>Schauen Sie sich die Bilder gerne per<\/strong> <em>klick <\/em><strong>an!<\/strong><\/h4>\n\n\n\n<figure class=\"wp-block-gallery columns-5 is-cropped wp-block-gallery-1 is-layout-flex wp-block-gallery-is-layout-flex\"><ul class=\"blocks-gallery-grid\"><li class=\"blocks-gallery-item\"><figure><a href=\"https:\/\/ferienwohnungwadern.de\/wp-content\/uploads\/2014\/11\/Wohnung.jpg\"><img loading=\"lazy\" decoding=\"async\" width=\"418\" height=\"464\" src=\"https:\/\/ferienwohnungwadern.de\/wp-content\/uploads\/2014\/11\/Wohnung.jpg\" alt=\"\" data-id=\"340\" class=\"wp-image-340\" srcset=\"https:\/\/ferienwohnungwadern.de\/wp-content\/uploads\/2014\/11\/Wohnung.jpg 418w, https:\/\/ferienwohnungwadern.de\/wp-content\/uploads\/2014\/11\/Wohnung-270x300.jpg 270w, https:\/\/ferienwohnungwadern.de\/wp-content\/uploads\/2014\/11\/Wohnung-332x369.jpg 332w\" sizes=\"auto, (max-width: 418px) 100vw, 418px\" \/><\/a><figcaption class=\"blocks-gallery-item__caption\">Grundriss<\/figcaption><\/figure><\/li><li class=\"blocks-gallery-item\"><figure><a href=\"https:\/\/ferienwohnungwadern.de\/wp-content\/uploads\/2019\/05\/P1010708-1.jpg\"><img loading=\"lazy\" decoding=\"async\" width=\"2558\" height=\"1918\" src=\"https:\/\/ferienwohnungwadern.de\/wp-content\/uploads\/2019\/05\/P1010708-1.jpg\" alt=\"\" data-id=\"416\" class=\"wp-image-416\" srcset=\"https:\/\/ferienwohnungwadern.de\/wp-content\/uploads\/2019\/05\/P1010708-1.jpg 2558w, https:\/\/ferienwohnungwadern.de\/wp-content\/uploads\/2019\/05\/P1010708-1-300x225.jpg 300w, https:\/\/ferienwohnungwadern.de\/wp-content\/uploads\/2019\/05\/P1010708-1-768x576.jpg 768w, https:\/\/ferienwohnungwadern.de\/wp-content\/uploads\/2019\/05\/P1010708-1-1024x768.jpg 1024w, https:\/\/ferienwohnungwadern.de\/wp-content\/uploads\/2019\/05\/P1010708-1-700x525.jpg 700w, https:\/\/ferienwohnungwadern.de\/wp-content\/uploads\/2019\/05\/P1010708-1-332x249.jpg 332w\" sizes=\"auto, (max-width: 2558px) 100vw, 2558px\" \/><\/a><figcaption class=\"blocks-gallery-item__caption\">Terrasse Aussenansicht<\/figcaption><\/figure><\/li><li class=\"blocks-gallery-item\"><figure><a href=\"https:\/\/ferienwohnungwadern.de\/wp-content\/uploads\/2019\/05\/Diele2.jpg\"><img loading=\"lazy\" decoding=\"async\" width=\"1256\" height=\"817\" src=\"https:\/\/ferienwohnungwadern.de\/wp-content\/uploads\/2019\/05\/Diele2.jpg\" alt=\"\" data-id=\"407\" class=\"wp-image-407\" srcset=\"https:\/\/ferienwohnungwadern.de\/wp-content\/uploads\/2019\/05\/Diele2.jpg 1256w, https:\/\/ferienwohnungwadern.de\/wp-content\/uploads\/2019\/05\/Diele2-300x195.jpg 300w, https:\/\/ferienwohnungwadern.de\/wp-content\/uploads\/2019\/05\/Diele2-768x500.jpg 768w, https:\/\/ferienwohnungwadern.de\/wp-content\/uploads\/2019\/05\/Diele2-1024x666.jpg 1024w, https:\/\/ferienwohnungwadern.de\/wp-content\/uploads\/2019\/05\/Diele2-700x455.jpg 700w, https:\/\/ferienwohnungwadern.de\/wp-content\/uploads\/2019\/05\/Diele2-332x216.jpg 332w\" sizes=\"auto, (max-width: 1256px) 100vw, 1256px\" \/><\/a><figcaption class=\"blocks-gallery-item__caption\">Diele<\/figcaption><\/figure><\/li><li class=\"blocks-gallery-item\"><figure><a href=\"https:\/\/ferienwohnungwadern.de\/wp-content\/uploads\/2022\/01\/Ferienwohnung-Lauer-23-1024x682.jpg\"><img loading=\"lazy\" decoding=\"async\" width=\"1024\" height=\"682\" src=\"https:\/\/ferienwohnungwadern.de\/wp-content\/uploads\/2022\/01\/Ferienwohnung-Lauer-23-1024x682.jpg\" alt=\"\" data-id=\"472\" data-link=\"https:\/\/ferienwohnungwadern.de\/?attachment_id=472\" class=\"wp-image-472\" srcset=\"https:\/\/ferienwohnungwadern.de\/wp-content\/uploads\/2022\/01\/Ferienwohnung-Lauer-23-1024x682.jpg 1024w, https:\/\/ferienwohnungwadern.de\/wp-content\/uploads\/2022\/01\/Ferienwohnung-Lauer-23-300x200.jpg 300w, https:\/\/ferienwohnungwadern.de\/wp-content\/uploads\/2022\/01\/Ferienwohnung-Lauer-23-768x512.jpg 768w, https:\/\/ferienwohnungwadern.de\/wp-content\/uploads\/2022\/01\/Ferienwohnung-Lauer-23-1536x1024.jpg 1536w, https:\/\/ferienwohnungwadern.de\/wp-content\/uploads\/2022\/01\/Ferienwohnung-Lauer-23-2048x1365.jpg 2048w, https:\/\/ferienwohnungwadern.de\/wp-content\/uploads\/2022\/01\/Ferienwohnung-Lauer-23-700x466.jpg 700w, https:\/\/ferienwohnungwadern.de\/wp-content\/uploads\/2022\/01\/Ferienwohnung-Lauer-23-332x221.jpg 332w\" sizes=\"auto, (max-width: 1024px) 100vw, 1024px\" \/><\/a><figcaption class=\"blocks-gallery-item__caption\">Wohnzimmer<\/figcaption><\/figure><\/li><li class=\"blocks-gallery-item\"><figure><a href=\"https:\/\/ferienwohnungwadern.de\/wp-content\/uploads\/2022\/01\/Ferienwohnung-Lauer-24-1024x632.jpg\"><img loading=\"lazy\" decoding=\"async\" width=\"1024\" height=\"632\" src=\"https:\/\/ferienwohnungwadern.de\/wp-content\/uploads\/2022\/01\/Ferienwohnung-Lauer-24-1024x632.jpg\" alt=\"\" data-id=\"474\" data-link=\"https:\/\/ferienwohnungwadern.de\/?attachment_id=474\" class=\"wp-image-474\" srcset=\"https:\/\/ferienwohnungwadern.de\/wp-content\/uploads\/2022\/01\/Ferienwohnung-Lauer-24-1024x632.jpg 1024w, https:\/\/ferienwohnungwadern.de\/wp-content\/uploads\/2022\/01\/Ferienwohnung-Lauer-24-300x185.jpg 300w, https:\/\/ferienwohnungwadern.de\/wp-content\/uploads\/2022\/01\/Ferienwohnung-Lauer-24-768x474.jpg 768w, https:\/\/ferienwohnungwadern.de\/wp-content\/uploads\/2022\/01\/Ferienwohnung-Lauer-24-1536x948.jpg 1536w, https:\/\/ferienwohnungwadern.de\/wp-content\/uploads\/2022\/01\/Ferienwohnung-Lauer-24-2048x1264.jpg 2048w, https:\/\/ferienwohnungwadern.de\/wp-content\/uploads\/2022\/01\/Ferienwohnung-Lauer-24-700x432.jpg 700w, https:\/\/ferienwohnungwadern.de\/wp-content\/uploads\/2022\/01\/Ferienwohnung-Lauer-24-332x205.jpg 332w, https:\/\/ferienwohnungwadern.de\/wp-content\/uploads\/2022\/01\/Ferienwohnung-Lauer-24-268x164.jpg 268w\" sizes=\"auto, (max-width: 1024px) 100vw, 1024px\" \/><\/a><figcaption class=\"blocks-gallery-item__caption\"> Wohnzimmer <\/figcaption><\/figure><\/li><li class=\"blocks-gallery-item\"><figure><a href=\"https:\/\/ferienwohnungwadern.de\/wp-content\/uploads\/2022\/01\/Ferienwohnung-Lauer-22-1024x706.jpg\"><img loading=\"lazy\" decoding=\"async\" width=\"1024\" height=\"706\" src=\"https:\/\/ferienwohnungwadern.de\/wp-content\/uploads\/2022\/01\/Ferienwohnung-Lauer-22-1024x706.jpg\" alt=\"\" data-id=\"470\" data-link=\"https:\/\/ferienwohnungwadern.de\/?attachment_id=470\" class=\"wp-image-470\" srcset=\"https:\/\/ferienwohnungwadern.de\/wp-content\/uploads\/2022\/01\/Ferienwohnung-Lauer-22-1024x706.jpg 1024w, https:\/\/ferienwohnungwadern.de\/wp-content\/uploads\/2022\/01\/Ferienwohnung-Lauer-22-300x207.jpg 300w, https:\/\/ferienwohnungwadern.de\/wp-content\/uploads\/2022\/01\/Ferienwohnung-Lauer-22-768x530.jpg 768w, https:\/\/ferienwohnungwadern.de\/wp-content\/uploads\/2022\/01\/Ferienwohnung-Lauer-22-1536x1059.jpg 1536w, https:\/\/ferienwohnungwadern.de\/wp-content\/uploads\/2022\/01\/Ferienwohnung-Lauer-22-2048x1412.jpg 2048w, https:\/\/ferienwohnungwadern.de\/wp-content\/uploads\/2022\/01\/Ferienwohnung-Lauer-22-700x483.jpg 700w, https:\/\/ferienwohnungwadern.de\/wp-content\/uploads\/2022\/01\/Ferienwohnung-Lauer-22-332x229.jpg 332w\" sizes=\"auto, (max-width: 1024px) 100vw, 1024px\" \/><\/a><figcaption class=\"blocks-gallery-item__caption\">Schlafzimmer<\/figcaption><\/figure><\/li><li class=\"blocks-gallery-item\"><figure><a href=\"https:\/\/ferienwohnungwadern.de\/wp-content\/uploads\/2022\/01\/Ferienwohnung-Lauer-21-938x1024.jpg\"><img loading=\"lazy\" decoding=\"async\" width=\"938\" height=\"1024\" src=\"https:\/\/ferienwohnungwadern.de\/wp-content\/uploads\/2022\/01\/Ferienwohnung-Lauer-21-938x1024.jpg\" alt=\"\" data-id=\"473\" data-link=\"https:\/\/ferienwohnungwadern.de\/?attachment_id=473\" class=\"wp-image-473\" srcset=\"https:\/\/ferienwohnungwadern.de\/wp-content\/uploads\/2022\/01\/Ferienwohnung-Lauer-21-938x1024.jpg 938w, https:\/\/ferienwohnungwadern.de\/wp-content\/uploads\/2022\/01\/Ferienwohnung-Lauer-21-275x300.jpg 275w, https:\/\/ferienwohnungwadern.de\/wp-content\/uploads\/2022\/01\/Ferienwohnung-Lauer-21-768x838.jpg 768w, https:\/\/ferienwohnungwadern.de\/wp-content\/uploads\/2022\/01\/Ferienwohnung-Lauer-21-1407x1536.jpg 1407w, https:\/\/ferienwohnungwadern.de\/wp-content\/uploads\/2022\/01\/Ferienwohnung-Lauer-21-1877x2048.jpg 1877w, https:\/\/ferienwohnungwadern.de\/wp-content\/uploads\/2022\/01\/Ferienwohnung-Lauer-21-700x764.jpg 700w, https:\/\/ferienwohnungwadern.de\/wp-content\/uploads\/2022\/01\/Ferienwohnung-Lauer-21-332x362.jpg 332w\" sizes=\"auto, (max-width: 938px) 100vw, 938px\" \/><\/a><figcaption class=\"blocks-gallery-item__caption\">Bad<\/figcaption><\/figure><\/li><li class=\"blocks-gallery-item\"><figure><a href=\"https:\/\/ferienwohnungwadern.de\/wp-content\/uploads\/2022\/01\/Ferienwohnung-Lauer-26-scaled.jpg\"><img loading=\"lazy\" decoding=\"async\" width=\"849\" height=\"1024\" src=\"https:\/\/ferienwohnungwadern.de\/wp-content\/uploads\/2022\/01\/Ferienwohnung-Lauer-26-849x1024.jpg\" alt=\"\" data-id=\"477\" data-full-url=\"https:\/\/ferienwohnungwadern.de\/wp-content\/uploads\/2022\/01\/Ferienwohnung-Lauer-26-scaled.jpg\" data-link=\"https:\/\/ferienwohnungwadern.de\/?attachment_id=477\" class=\"wp-image-477\" srcset=\"https:\/\/ferienwohnungwadern.de\/wp-content\/uploads\/2022\/01\/Ferienwohnung-Lauer-26-849x1024.jpg 849w, https:\/\/ferienwohnungwadern.de\/wp-content\/uploads\/2022\/01\/Ferienwohnung-Lauer-26-249x300.jpg 249w, https:\/\/ferienwohnungwadern.de\/wp-content\/uploads\/2022\/01\/Ferienwohnung-Lauer-26-768x926.jpg 768w, https:\/\/ferienwohnungwadern.de\/wp-content\/uploads\/2022\/01\/Ferienwohnung-Lauer-26-1273x1536.jpg 1273w, https:\/\/ferienwohnungwadern.de\/wp-content\/uploads\/2022\/01\/Ferienwohnung-Lauer-26-1698x2048.jpg 1698w, https:\/\/ferienwohnungwadern.de\/wp-content\/uploads\/2022\/01\/Ferienwohnung-Lauer-26-700x844.jpg 700w, https:\/\/ferienwohnungwadern.de\/wp-content\/uploads\/2022\/01\/Ferienwohnung-Lauer-26-332x400.jpg 332w\" sizes=\"auto, (max-width: 849px) 100vw, 849px\" \/><\/a><figcaption class=\"blocks-gallery-item__caption\">Bad<\/figcaption><\/figure><\/li><li class=\"blocks-gallery-item\"><figure><a href=\"https:\/\/ferienwohnungwadern.de\/wp-content\/uploads\/2022\/01\/Ferienwohnung-Lauer-20-1024x827.jpg\"><img loading=\"lazy\" decoding=\"async\" width=\"1024\" height=\"827\" src=\"https:\/\/ferienwohnungwadern.de\/wp-content\/uploads\/2022\/01\/Ferienwohnung-Lauer-20-1024x827.jpg\" alt=\"\" data-id=\"475\" data-link=\"https:\/\/ferienwohnungwadern.de\/?attachment_id=475\" class=\"wp-image-475\" srcset=\"https:\/\/ferienwohnungwadern.de\/wp-content\/uploads\/2022\/01\/Ferienwohnung-Lauer-20-1024x827.jpg 1024w, https:\/\/ferienwohnungwadern.de\/wp-content\/uploads\/2022\/01\/Ferienwohnung-Lauer-20-300x242.jpg 300w, https:\/\/ferienwohnungwadern.de\/wp-content\/uploads\/2022\/01\/Ferienwohnung-Lauer-20-768x620.jpg 768w, https:\/\/ferienwohnungwadern.de\/wp-content\/uploads\/2022\/01\/Ferienwohnung-Lauer-20-1536x1241.jpg 1536w, https:\/\/ferienwohnungwadern.de\/wp-content\/uploads\/2022\/01\/Ferienwohnung-Lauer-20-2048x1654.jpg 2048w, https:\/\/ferienwohnungwadern.de\/wp-content\/uploads\/2022\/01\/Ferienwohnung-Lauer-20-700x565.jpg 700w, https:\/\/ferienwohnungwadern.de\/wp-content\/uploads\/2022\/01\/Ferienwohnung-Lauer-20-332x268.jpg 332w\" sizes=\"auto, (max-width: 1024px) 100vw, 1024px\" \/><\/a><figcaption class=\"blocks-gallery-item__caption\">K\u00fcche<\/figcaption><\/figure><\/li><li class=\"blocks-gallery-item\"><figure><a href=\"https:\/\/ferienwohnungwadern.de\/wp-content\/uploads\/2022\/01\/Ferienwohnung-Lauer-19-1024x653.jpg\"><img loading=\"lazy\" decoding=\"async\" width=\"1024\" height=\"653\" src=\"https:\/\/ferienwohnungwadern.de\/wp-content\/uploads\/2022\/01\/Ferienwohnung-Lauer-19-1024x653.jpg\" alt=\"\" data-id=\"476\" data-link=\"https:\/\/ferienwohnungwadern.de\/?attachment_id=476\" class=\"wp-image-476\" srcset=\"https:\/\/ferienwohnungwadern.de\/wp-content\/uploads\/2022\/01\/Ferienwohnung-Lauer-19-1024x653.jpg 1024w, https:\/\/ferienwohnungwadern.de\/wp-content\/uploads\/2022\/01\/Ferienwohnung-Lauer-19-300x191.jpg 300w, https:\/\/ferienwohnungwadern.de\/wp-content\/uploads\/2022\/01\/Ferienwohnung-Lauer-19-768x490.jpg 768w, https:\/\/ferienwohnungwadern.de\/wp-content\/uploads\/2022\/01\/Ferienwohnung-Lauer-19-1536x979.jpg 1536w, https:\/\/ferienwohnungwadern.de\/wp-content\/uploads\/2022\/01\/Ferienwohnung-Lauer-19-2048x1306.jpg 2048w, https:\/\/ferienwohnungwadern.de\/wp-content\/uploads\/2022\/01\/Ferienwohnung-Lauer-19-700x446.jpg 700w, https:\/\/ferienwohnungwadern.de\/wp-content\/uploads\/2022\/01\/Ferienwohnung-Lauer-19-332x212.jpg 332w\" sizes=\"auto, (max-width: 1024px) 100vw, 1024px\" \/><\/a><figcaption class=\"blocks-gallery-item__caption\">Terrasse<\/figcaption><\/figure><\/li><\/ul><\/figure>\n\n\n\n<p>Fotograf: Dirk Meyer<\/p>\n","protected":false},"excerpt":{"rendered":"<p>In unserer Ferienwohnung werden Sie sich wohlf\u00fchlen! Diese befindet sich im Zentrum von Wadern, aber dennoch in sehr ruhiger Wohnlage. Innerhalb weniger Gehminuten finden sich sehr gute Einkaufsm\u00f6glichkeiten und ebenso das st\u00e4dtische Hallen- und Freibad. Unsere Wohnung bietet Ihnen: ein Schlafzimmer mit 2 Betten (incl. Bettw\u00e4sche) eine komplett eingerichtete K\u00fcche &#8230;<\/p>\n","protected":false},"author":1,"featured_media":0,"parent":0,"menu_order":20,"comment_status":"closed","ping_status":"closed","template":"","meta":{"footnotes":""},"class_list":["post-2","page","type-page","status-publish","hentry","column","twocol"],"_links":{"self":[{"href":"https:\/\/ferienwohnungwadern.de\/index.php?rest_route=\/wp\/v2\/pages\/2","targetHints":{"allow":["GET"]}}],"collection":[{"href":"https:\/\/ferienwohnungwadern.de\/index.php?rest_route=\/wp\/v2\/pages"}],"about":[{"href":"https:\/\/ferienwohnungwadern.de\/index.php?rest_route=\/wp\/v2\/types\/page"}],"author":[{"embeddable":true,"href":"https:\/\/ferienwohnungwadern.de\/index.php?rest_route=\/wp\/v2\/users\/1"}],"replies":[{"embeddable":true,"href":"https:\/\/ferienwohnungwadern.de\/index.php?rest_route=%2Fwp%2Fv2%2Fcomments&post=2"}],"version-history":[{"count":50,"href":"https:\/\/ferienwohnungwadern.de\/index.php?rest_route=\/wp\/v2\/pages\/2\/revisions"}],"predecessor-version":[{"id":499,"href":"https:\/\/ferienwohnungwadern.de\/index.php?rest_route=\/wp\/v2\/pages\/2\/revisions\/499"}],"wp:attachment":[{"href":"https:\/\/ferienwohnungwadern.de\/index.php?rest_route=%2Fwp%2Fv2%2Fmedia&parent=2"}],"curies":[{"name":"wp","href":"https:\/\/api.w.org\/{rel}","templated":true}]}}