{"id":64,"date":"2015-01-04T22:00:03","date_gmt":"2015-01-04T22:00:03","guid":{"rendered":"http:\/\/ferienwohnungwadern.de\/?page_id=64"},"modified":"2025-12-30T19:40:55","modified_gmt":"2025-12-30T19:40:55","slug":"ferienwohnung-wadern-2","status":"publish","type":"page","link":"https:\/\/ferienwohnungwadern.de\/","title":{"rendered":"Herzlich Willkommen bei Familie Lauer"},"content":{"rendered":"<p style=\"text-align: justify;\"><img loading=\"lazy\" decoding=\"async\" class=\" alignleft wp-image-223\" src=\"http:\/\/ferienwohnungwadern.de\/wp-content\/uploads\/2015\/01\/DSC034082-300x200.jpg\" alt=\"Ferienwohnung\" width=\"282\" height=\"188\" srcset=\"https:\/\/ferienwohnungwadern.de\/wp-content\/uploads\/2015\/01\/DSC034082-300x200.jpg 300w, https:\/\/ferienwohnungwadern.de\/wp-content\/uploads\/2015\/01\/DSC034082-1024x683.jpg 1024w, https:\/\/ferienwohnungwadern.de\/wp-content\/uploads\/2015\/01\/DSC034082-700x467.jpg 700w, https:\/\/ferienwohnungwadern.de\/wp-content\/uploads\/2015\/01\/DSC034082-332x221.jpg 332w\" sizes=\"auto, (max-width: 282px) 100vw, 282px\" \/><\/p>\n<h3><\/h3>\n<h3><b>Das <span style=\"color: #000000;\">Wohlf\u00fchlerlebins <\/span>in Wadern, der Stadt mit Herz im Saarland&#8230;<\/b><\/h3>\n<h3><\/h3>\n<h3><strong>Ferienwohnung Wadern <\/strong><\/h3>\n<h6>Morscholzerstrasse 10\u00a0in 66687 Wadern<\/h6>\n<p style=\"text-align: justify;\">&#8230; herrlich gelegen im Schwarzw\u00e4lder Hochwald, inmitten der Ferienregion des Drei L\u00e4ndereck Deutschland-Frankreich-Luxemburg und ein idealer Ausgangspunkt f\u00fcr viele Aktivit\u00e4ten!<\/p>\n<p style=\"text-align: justify;\">Sie sind auf der Suche nach einer tollen Ferienwohnun<img loading=\"lazy\" decoding=\"async\" class=\"alignright wp-image-22\" src=\"http:\/\/ferienwohnungwadern.de\/wp-content\/uploads\/2015\/01\/Haus_mB_1-300x222.jpg\" alt=\"Haus mit Ferienwohnung\" width=\"327\" height=\"244\" \/>g f\u00fcr Ihren Urlaub oder Ihren Wochenendtrip ins n\u00f6rdliche Saarland? Dann sind Sie hier richtig!<\/p>\n<p style=\"text-align: justify;\">Unsere sch\u00f6ne 85 qm Ferienwohnung hat eine gro\u00dfe S\u00fcdterrasse auf der sie sich wohl f\u00fchlen werden!<\/p>\n<p style=\"text-align: justify;\">Wir laden Sie ein, sich auf den nachfolgenden Seiten \u00fcber unsere Ferienwohnung und die zahlreichen Freizeitm\u00f6glichkeiten unserer Stadt und unserer Region zu informieren.<\/p>\n<p>Familie Lauer freut sich auf Ihren Besuch!<\/p>\n<div id='gallery-1' class='gallery galleryid-64 gallery-columns-3 gallery-size-medium'><figure class='gallery-item'>\n\t\t\t<div class='gallery-icon landscape'>\n\t\t\t\t<img loading=\"lazy\" decoding=\"async\" width=\"300\" height=\"245\" src=\"https:\/\/ferienwohnungwadern.de\/wp-content\/uploads\/2015\/04\/Ortsschild_Wadern-300x245.jpg\" class=\"attachment-medium size-medium\" alt=\"\" srcset=\"https:\/\/ferienwohnungwadern.de\/wp-content\/uploads\/2015\/04\/Ortsschild_Wadern-300x245.jpg 300w, https:\/\/ferienwohnungwadern.de\/wp-content\/uploads\/2015\/04\/Ortsschild_Wadern-1024x837.jpg 1024w, https:\/\/ferienwohnungwadern.de\/wp-content\/uploads\/2015\/04\/Ortsschild_Wadern-700x572.jpg 700w, https:\/\/ferienwohnungwadern.de\/wp-content\/uploads\/2015\/04\/Ortsschild_Wadern-332x271.jpg 332w, https:\/\/ferienwohnungwadern.de\/wp-content\/uploads\/2015\/04\/Ortsschild_Wadern-e1509736810459.jpg 200w\" sizes=\"auto, (max-width: 300px) 100vw, 300px\" \/>\n\t\t\t<\/div><\/figure>\n\t\t<\/div>\n\n","protected":false},"excerpt":{"rendered":"<p>Das Wohlf\u00fchlerlebins in Wadern, der Stadt mit Herz im Saarland&#8230; Ferienwohnung Wadern Morscholzerstrasse 10\u00a0in 66687 Wadern &#8230; herrlich gelegen im Schwarzw\u00e4lder Hochwald, inmitten der Ferienregion des Drei L\u00e4ndereck Deutschland-Frankreich-Luxemburg und ein idealer Ausgangspunkt f\u00fcr viele Aktivit\u00e4ten! Sie sind auf der Suche nach einer tollen Ferienwohnung f\u00fcr Ihren Urlaub oder Ihren &#8230;<\/p>\n","protected":false},"author":1,"featured_media":0,"parent":0,"menu_order":10,"comment_status":"closed","ping_status":"closed","template":"","meta":{"footnotes":""},"class_list":["post-64","page","type-page","status-publish","hentry","column","twocol"],"_links":{"self":[{"href":"https:\/\/ferienwohnungwadern.de\/index.php?rest_route=\/wp\/v2\/pages\/64","targetHints":{"allow":["GET"]}}],"collection":[{"href":"https:\/\/ferienwohnungwadern.de\/index.php?rest_route=\/wp\/v2\/pages"}],"about":[{"href":"https:\/\/ferienwohnungwadern.de\/index.php?rest_route=\/wp\/v2\/types\/page"}],"author":[{"embeddable":true,"href":"https:\/\/ferienwohnungwadern.de\/index.php?rest_route=\/wp\/v2\/users\/1"}],"replies":[{"embeddable":true,"href":"https:\/\/ferienwohnungwadern.de\/index.php?rest_route=%2Fwp%2Fv2%2Fcomments&post=64"}],"version-history":[{"count":61,"href":"https:\/\/ferienwohnungwadern.de\/index.php?rest_route=\/wp\/v2\/pages\/64\/revisions"}],"predecessor-version":[{"id":524,"href":"https:\/\/ferienwohnungwadern.de\/index.php?rest_route=\/wp\/v2\/pages\/64\/revisions\/524"}],"wp:attachment":[{"href":"https:\/\/ferienwohnungwadern.de\/index.php?rest_route=%2Fwp%2Fv2%2Fmedia&parent=64"}],"curies":[{"name":"wp","href":"https:\/\/api.w.org\/{rel}","templated":true}]}}